{"id":1106,"date":"2022-03-02T10:43:20","date_gmt":"2022-03-02T10:43:20","guid":{"rendered":"https:\/\/palmaescolesinfants.cat\/?page_id=1106"},"modified":"2025-04-04T09:14:17","modified_gmt":"2025-04-04T09:14:17","slug":"calendario-y-horario","status":"publish","type":"page","link":"https:\/\/palmaescolesinfants.cat\/es\/calendario-y-horario\/","title":{"rendered":"Calendario y horario"},"content":{"rendered":"\t\t<div data-elementor-type=\"wp-page\" data-elementor-id=\"1106\" class=\"elementor elementor-1106\">\n\t\t\t\t\t\t<section class=\"elementor-section elementor-top-section elementor-element elementor-element-34febe84 elementor-section-height-min-height elementor-section-items-stretch elementor-section-boxed elementor-section-height-default\" data-id=\"34febe84\" data-element_type=\"section\" data-settings=\"{&quot;background_background&quot;:&quot;classic&quot;}\">\n\t\t\t\t\t\t\t<div class=\"elementor-background-overlay\"><\/div>\n\t\t\t\t\t\t\t<div class=\"elementor-container elementor-column-gap-no\">\n\t\t\t\t\t<div class=\"elementor-column elementor-col-100 elementor-top-column elementor-element elementor-element-3fd586f8\" data-id=\"3fd586f8\" data-element_type=\"column\" data-settings=\"{&quot;background_background&quot;:&quot;classic&quot;}\">\n\t\t\t<div class=\"elementor-widget-wrap elementor-element-populated\">\n\t\t\t\t\t<div class=\"elementor-background-overlay\"><\/div>\n\t\t\t\t\t\t<div class=\"elementor-element elementor-element-f129611 elementor-widget elementor-widget-heading\" data-id=\"f129611\" data-element_type=\"widget\" data-widget_type=\"heading.default\">\n\t\t\t\t<div class=\"elementor-widget-container\">\n\t\t\t\t\t<h2 class=\"elementor-heading-title elementor-size-default\">ORGANIZACI\u00d3N<\/h2>\t\t\t\t<\/div>\n\t\t\t\t<\/div>\n\t\t\t\t<div class=\"elementor-element elementor-element-ec0b800 elementor-widget elementor-widget-spacer\" data-id=\"ec0b800\" data-element_type=\"widget\" data-widget_type=\"spacer.default\">\n\t\t\t\t<div class=\"elementor-widget-container\">\n\t\t\t\t\t\t\t<div class=\"elementor-spacer\">\n\t\t\t<div class=\"elementor-spacer-inner\"><\/div>\n\t\t<\/div>\n\t\t\t\t\t\t<\/div>\n\t\t\t\t<\/div>\n\t\t\t\t<div class=\"elementor-element elementor-element-fe43ea2 elementor-widget elementor-widget-heading\" data-id=\"fe43ea2\" data-element_type=\"widget\" data-widget_type=\"heading.default\">\n\t\t\t\t<div class=\"elementor-widget-container\">\n\t\t\t\t\t<h1 class=\"elementor-heading-title elementor-size-default\">Calendario y horario\n<\/h1>\t\t\t\t<\/div>\n\t\t\t\t<\/div>\n\t\t\t\t\t<\/div>\n\t\t<\/div>\n\t\t\t\t\t<\/div>\n\t\t<\/section>\n\t\t\t\t<section class=\"elementor-section elementor-top-section elementor-element elementor-element-466fc49 elementor-section-boxed elementor-section-height-default elementor-section-height-default\" data-id=\"466fc49\" data-element_type=\"section\" data-settings=\"{&quot;background_background&quot;:&quot;classic&quot;}\">\n\t\t\t\t\t\t<div class=\"elementor-container elementor-column-gap-no\">\n\t\t\t\t\t<div class=\"elementor-column elementor-col-100 elementor-top-column elementor-element elementor-element-9b4e584\" data-id=\"9b4e584\" data-element_type=\"column\" data-settings=\"{&quot;background_background&quot;:&quot;classic&quot;}\">\n\t\t\t<div class=\"elementor-widget-wrap elementor-element-populated\">\n\t\t\t\t\t\t<div class=\"elementor-element elementor-element-dff0220 elementor-widget elementor-widget-heading\" data-id=\"dff0220\" data-element_type=\"widget\" data-widget_type=\"heading.default\">\n\t\t\t\t<div class=\"elementor-widget-container\">\n\t\t\t\t\t<div class=\"elementor-heading-title elementor-size-default\">Calendario escolar<\/div>\t\t\t\t<\/div>\n\t\t\t\t<\/div>\n\t\t\t\t<div class=\"elementor-element elementor-element-d5f5f12 elementor-widget-divider--view-line elementor-widget elementor-widget-divider\" data-id=\"d5f5f12\" data-element_type=\"widget\" data-widget_type=\"divider.default\">\n\t\t\t\t<div class=\"elementor-widget-container\">\n\t\t\t\t\t\t\t<div class=\"elementor-divider\">\n\t\t\t<span class=\"elementor-divider-separator\">\n\t\t\t\t\t\t<\/span>\n\t\t<\/div>\n\t\t\t\t\t\t<\/div>\n\t\t\t\t<\/div>\n\t\t\t\t<section class=\"elementor-section elementor-inner-section elementor-element elementor-element-b168557 elementor-section-boxed elementor-section-height-default elementor-section-height-default\" data-id=\"b168557\" data-element_type=\"section\">\n\t\t\t\t\t\t<div class=\"elementor-container elementor-column-gap-default\">\n\t\t\t\t\t<div class=\"elementor-column elementor-col-100 elementor-inner-column elementor-element elementor-element-c0017b4\" data-id=\"c0017b4\" data-element_type=\"column\">\n\t\t\t<div class=\"elementor-widget-wrap elementor-element-populated\">\n\t\t\t\t\t\t<div class=\"elementor-element elementor-element-b41af56 elementor-widget elementor-widget-spacer\" data-id=\"b41af56\" data-element_type=\"widget\" data-widget_type=\"spacer.default\">\n\t\t\t\t<div class=\"elementor-widget-container\">\n\t\t\t\t\t\t\t<div class=\"elementor-spacer\">\n\t\t\t<div class=\"elementor-spacer-inner\"><\/div>\n\t\t<\/div>\n\t\t\t\t\t\t<\/div>\n\t\t\t\t<\/div>\n\t\t\t\t<div class=\"elementor-element elementor-element-f9e9bbd textonegro elementor-widget elementor-widget-text-editor\" data-id=\"f9e9bbd\" data-element_type=\"widget\" data-widget_type=\"text-editor.default\">\n\t\t\t\t<div class=\"elementor-widget-container\">\n\t\t\t\t\t\t\t\t\t<ul><li><ul><li>El curso empieza durante la segunda semana de septiembre, si bien hay que tener en cuenta que el inicio se realizar\u00e1 de forma escalonada seg\u00fan el calendario de acogida y adaptaci\u00f3n que establezca cada centro. A continuaci\u00f3n, se se\u00f1alan las fechas orientativas para el inicio escolar de ni\u00f1os y ni\u00f1as de nueva incorporaci\u00f3n:<ul><li>Segunda semana de septiembre. Periodo de acogida y de entrevistas con las familias. Antes del inicio de este per\u00edodo, el centro contactar\u00e1 con las familias por tel\u00e9fono para proporcionarles informaci\u00f3n m\u00e1s detallada.<\/li><li>Tercera semana de septiembre. Periodo de adaptaci\u00f3n en la escuela infantil. Antes del inicio de este per\u00edodo, las familias recibir\u00e1n informaci\u00f3n m\u00e1s detallada a trav\u00e9s de la entrevista individualizada que podr\u00e1n mantener con el tutor o tutora. Para m\u00e1s informaci\u00f3n, consulte el apartado <em>Periodo de acogida y adaptaci\u00f3n<\/em>.<\/li><\/ul><\/li><li>Las escuelas infantiles del PMEI est\u00e1n abiertas de lunes a viernes, excepto festivos.<\/li><li>El calendario de cada curso se fija teniendo en cuenta los festivos locales y nacionales, las vacaciones escolares (Navidad y Pascua) que recoge el calendario de la Consejer\u00eda de Educaci\u00f3n, los d\u00edas de libre elecci\u00f3n del centro y la fiesta escolar unificada. El \u00faltimo d\u00eda lectivo antes de estos per\u00edodos de vacaciones (Navidad y Pascua), la escuela cierra a las 13 h. Por lo tanto, en estos d\u00edas, la \u00faltima salida se realizar\u00e1 despu\u00e9s de comer.<\/li><li>El curso finaliza durante la \u00faltima semana de junio y el Servicio de Verano se ofrece los primeros 10 d\u00edas laborables de julio, siguiendo el mismo horario del curso escolar.<\/li><\/ul><\/li><\/ul>\t\t\t\t\t\t\t\t<\/div>\n\t\t\t\t<\/div>\n\t\t\t\t\t<\/div>\n\t\t<\/div>\n\t\t\t\t\t<\/div>\n\t\t<\/section>\n\t\t\t\t\t<\/div>\n\t\t<\/div>\n\t\t\t\t\t<\/div>\n\t\t<\/section>\n\t\t\t\t<section class=\"elementor-section elementor-top-section elementor-element elementor-element-c2f9604 elementor-section-boxed elementor-section-height-default elementor-section-height-default\" data-id=\"c2f9604\" data-element_type=\"section\" data-settings=\"{&quot;background_background&quot;:&quot;classic&quot;}\">\n\t\t\t\t\t\t<div class=\"elementor-container elementor-column-gap-no\">\n\t\t\t\t\t<div class=\"elementor-column elementor-col-100 elementor-top-column elementor-element elementor-element-2ed6639\" data-id=\"2ed6639\" data-element_type=\"column\" data-settings=\"{&quot;background_background&quot;:&quot;classic&quot;}\">\n\t\t\t<div class=\"elementor-widget-wrap elementor-element-populated\">\n\t\t\t\t\t\t<div class=\"elementor-element elementor-element-97cc80f elementor-widget elementor-widget-heading\" data-id=\"97cc80f\" data-element_type=\"widget\" data-widget_type=\"heading.default\">\n\t\t\t\t<div class=\"elementor-widget-container\">\n\t\t\t\t\t<div class=\"elementor-heading-title elementor-size-default\">Horario<\/div>\t\t\t\t<\/div>\n\t\t\t\t<\/div>\n\t\t\t\t<div class=\"elementor-element elementor-element-4a1f2be elementor-widget-divider--view-line elementor-widget elementor-widget-divider\" data-id=\"4a1f2be\" data-element_type=\"widget\" data-widget_type=\"divider.default\">\n\t\t\t\t<div class=\"elementor-widget-container\">\n\t\t\t\t\t\t\t<div class=\"elementor-divider\">\n\t\t\t<span class=\"elementor-divider-separator\">\n\t\t\t\t\t\t<\/span>\n\t\t<\/div>\n\t\t\t\t\t\t<\/div>\n\t\t\t\t<\/div>\n\t\t\t\t<section class=\"elementor-section elementor-inner-section elementor-element elementor-element-4f543b2 elementor-section-boxed elementor-section-height-default elementor-section-height-default\" data-id=\"4f543b2\" data-element_type=\"section\">\n\t\t\t\t\t\t<div class=\"elementor-container elementor-column-gap-default\">\n\t\t\t\t\t<div class=\"elementor-column elementor-col-100 elementor-inner-column elementor-element elementor-element-5045a2a\" data-id=\"5045a2a\" data-element_type=\"column\">\n\t\t\t<div class=\"elementor-widget-wrap elementor-element-populated\">\n\t\t\t\t\t\t<div class=\"elementor-element elementor-element-91462eb textonegro elementor-widget elementor-widget-text-editor\" data-id=\"91462eb\" data-element_type=\"widget\" data-widget_type=\"text-editor.default\">\n\t\t\t\t<div class=\"elementor-widget-container\">\n\t\t\t\t\t\t\t\t\t<p><strong>De 7:30 a 8:30\u00a0h. Servicio de acogida de ma\u00f1anas.<\/strong> Para utilizar este servicio, las familias deben solicitarlo al centro a partir del inicio de curso y justificar documentalmente su necesidad por motivos laborales, de salud o de protecci\u00f3n al menor.<\/p><p><strong>De 8:30 a 15:00\u00a0h. Servicio general.<\/strong> Entrada progresiva <strong>hasta las 9:30\u00a0h.<\/strong> Para evitar aglomeraciones, las entradas y salidas del centro se realizar\u00e1n de forma flexible, escalonada y\/o pactada con el equipo docente. Las entradas posteriores por motivos debidamente justificados deben notificarse previamente al centro.<\/p><p><strong>De 15:00 a 16:00\u00a0h. Servicio de tarde.<\/strong> Para utilizar este servicio, las familias deben solicitarlo al centro a partir del inicio de curso y justificar documentalmente su necesidad por motivos laborales, de salud o de protecci\u00f3n al menor. Si en el momento de la salida los tutores legales del ni\u00f1o o la ni\u00f1a, que tienen su guardia y custodia, delegan la recogida de este\/a en otra persona mayor de edad, deber\u00e1n autorizarlo por escrito. <strong>Si a un ni\u00f1o o ni\u00f1a deben recogerlo hermanos\/as o familiares menores de 18 a\u00f1os, es indispensable firmar un descargo de responsabilidad. La edad m\u00ednima del familiar menor autorizado es de 16 a\u00f1os.<\/strong> V\u00e9ase el apartado <a href=\"https:\/\/palmaescolesinfants.cat\/es\/impresos-i-autoritzacions\/\"><em>Impresos y autorizaciones<\/em><\/a>.<\/p>\t\t\t\t\t\t\t\t<\/div>\n\t\t\t\t<\/div>\n\t\t\t\t<div class=\"elementor-element elementor-element-8044e39 elementor-widget elementor-widget-text-editor\" data-id=\"8044e39\" data-element_type=\"widget\" data-widget_type=\"text-editor.default\">\n\t\t\t\t<div class=\"elementor-widget-container\">\n\t\t\t\t\t\t\t\t\t<p>Cualquier modificaci\u00f3n del horario de entrada o salida debe comunicarse previamente a la direcci\u00f3n o a la persona referente en el aula. En caso de tener que acudir a los servicios m\u00e9dicos, se puede llegar a la escuela, como m\u00e1ximo, a las 11\u00a0h para respetar la hora del almuerzo y de la siesta.<\/p><p>De acuerdo con la Resoluci\u00f3n del consejero de Educaci\u00f3n y Universidad, publicada en el BOIB n.\u00ba 53, de d\u00eda 20 de abril de 2013, el tiempo de permanencia m\u00e1xima de los ni\u00f1os y las ni\u00f1as en el centro no debe superar las ocho horas diarias, salvo en casos excepcionales. Esta necesidad deber\u00e1 justificarse y estudiarse para cada caso y siempre priorizando las necesidades y los derechos del ni\u00f1o o ni\u00f1a.<\/p>\t\t\t\t\t\t\t\t<\/div>\n\t\t\t\t<\/div>\n\t\t\t\t\t<\/div>\n\t\t<\/div>\n\t\t\t\t\t<\/div>\n\t\t<\/section>\n\t\t\t\t\t<\/div>\n\t\t<\/div>\n\t\t\t\t\t<\/div>\n\t\t<\/section>\n\t\t\t\t<section class=\"elementor-section elementor-top-section elementor-element elementor-element-340314c elementor-section-boxed elementor-section-height-default elementor-section-height-default\" data-id=\"340314c\" data-element_type=\"section\" data-settings=\"{&quot;background_background&quot;:&quot;classic&quot;}\">\n\t\t\t\t\t\t<div class=\"elementor-container elementor-column-gap-no\">\n\t\t\t\t\t<div class=\"elementor-column elementor-col-100 elementor-top-column elementor-element elementor-element-8583803\" data-id=\"8583803\" data-element_type=\"column\" data-settings=\"{&quot;background_background&quot;:&quot;classic&quot;}\">\n\t\t\t<div class=\"elementor-widget-wrap elementor-element-populated\">\n\t\t\t\t\t\t<section class=\"elementor-section elementor-inner-section elementor-element elementor-element-a873e21 elementor-section-boxed elementor-section-height-default elementor-section-height-default\" data-id=\"a873e21\" data-element_type=\"section\">\n\t\t\t\t\t\t<div class=\"elementor-container elementor-column-gap-default\">\n\t\t\t\t\t<div class=\"elementor-column elementor-col-100 elementor-inner-column elementor-element elementor-element-950ea4a\" data-id=\"950ea4a\" data-element_type=\"column\">\n\t\t\t<div class=\"elementor-widget-wrap\">\n\t\t\t\t\t\t\t<\/div>\n\t\t<\/div>\n\t\t\t\t\t<\/div>\n\t\t<\/section>\n\t\t\t\t\t<\/div>\n\t\t<\/div>\n\t\t\t\t\t<\/div>\n\t\t<\/section>\n\t\t\t\t<\/div>\n\t\t","protected":false},"excerpt":{"rendered":"<p>ORGANIZACI\u00d3N Calendario y horario Calendario escolar El curso empieza durante la segunda semana de septiembre, si bien hay que tener en cuenta que el inicio se realizar\u00e1 de forma escalonada seg\u00fan el calendario de acogida y adaptaci\u00f3n que establezca cada centro. A continuaci\u00f3n, se se\u00f1alan las fechas orientativas para el inicio escolar de ni\u00f1os y [&hellip;]<\/p>\n","protected":false},"author":1,"featured_media":0,"parent":0,"menu_order":0,"comment_status":"closed","ping_status":"closed","template":"elementor_header_footer","meta":{"inline_featured_image":false,"footnotes":""},"class_list":["post-1106","page","type-page","status-publish","hentry"],"yoast_head":"<!-- This site is optimized with the Yoast SEO plugin v24.5 - https:\/\/yoast.com\/wordpress\/plugins\/seo\/ -->\n<title>Calendari escolar i horari | Patronat Municipal d&#039;Escoles d&#039;Infants, Palma<\/title>\n<meta name=\"robots\" content=\"index, follow, max-snippet:-1, max-image-preview:large, max-video-preview:-1\" \/>\n<link rel=\"canonical\" href=\"https:\/\/palmaescolesinfants.cat\/calendari-i-horari\/\" \/>\n<meta property=\"og:locale\" content=\"es_ES\" \/>\n<meta property=\"og:type\" content=\"article\" \/>\n<meta property=\"og:title\" content=\"Calendari escolar i horari | Patronat Municipal d&#039;Escoles d&#039;Infants, Palma\" \/>\n<meta property=\"og:description\" content=\"ORGANIZACI\u00d3N Calendario y horario Calendario escolar El curso empieza durante la segunda semana de septiembre, si bien hay que tener en cuenta que el inicio se realizar\u00e1 de forma escalonada seg\u00fan el calendario de acogida y adaptaci\u00f3n que establezca cada centro. A continuaci\u00f3n, se se\u00f1alan las fechas orientativas para el inicio escolar de ni\u00f1os y [&hellip;]\" \/>\n<meta property=\"og:url\" content=\"https:\/\/palmaescolesinfants.cat\/calendari-i-horari\/\" \/>\n<meta property=\"og:site_name\" content=\"Patronat Municipal d&#039;Escoles d&#039;Infants de l&#039;Ajuntament de Palma\" \/>\n<meta property=\"article:modified_time\" content=\"2025-04-04T09:14:17+00:00\" \/>\n<meta name=\"twitter:card\" content=\"summary_large_image\" \/>\n<meta name=\"twitter:label1\" content=\"Tiempo de lectura\" \/>\n\t<meta name=\"twitter:data1\" content=\"3 minutos\" \/>\n<script type=\"application\/ld+json\" class=\"yoast-schema-graph\">{\"@context\":\"https:\/\/schema.org\",\"@graph\":[{\"@type\":\"WebPage\",\"@id\":\"https:\/\/palmaescolesinfants.cat\/calendari-i-horari\/\",\"url\":\"https:\/\/palmaescolesinfants.cat\/calendari-i-horari\/\",\"name\":\"Calendari escolar i horari | Patronat Municipal d'Escoles d'Infants, Palma\",\"isPartOf\":{\"@id\":\"https:\/\/palmaescolesinfants.cat\/#website\"},\"datePublished\":\"2022-03-02T10:43:20+00:00\",\"dateModified\":\"2025-04-04T09:14:17+00:00\",\"breadcrumb\":{\"@id\":\"https:\/\/palmaescolesinfants.cat\/calendari-i-horari\/#breadcrumb\"},\"inLanguage\":\"es\",\"potentialAction\":[{\"@type\":\"ReadAction\",\"target\":[\"https:\/\/palmaescolesinfants.cat\/calendari-i-horari\/\"]}]},{\"@type\":\"BreadcrumbList\",\"@id\":\"https:\/\/palmaescolesinfants.cat\/calendari-i-horari\/#breadcrumb\",\"itemListElement\":[{\"@type\":\"ListItem\",\"position\":1,\"name\":\"Portada\",\"item\":\"https:\/\/palmaescolesinfants.cat\/\"},{\"@type\":\"ListItem\",\"position\":2,\"name\":\"Calendario y horario\"}]},{\"@type\":\"WebSite\",\"@id\":\"https:\/\/palmaescolesinfants.cat\/#website\",\"url\":\"https:\/\/palmaescolesinfants.cat\/\",\"name\":\"Patronat Municipal d&#039;Escoles d&#039;Infants de l&#039;Ajuntament de Palma\",\"description\":\"L&#039;educaci\u00f3 dels infants \u00e9s el nostre principal objectiu\",\"potentialAction\":[{\"@type\":\"SearchAction\",\"target\":{\"@type\":\"EntryPoint\",\"urlTemplate\":\"https:\/\/palmaescolesinfants.cat\/?s={search_term_string}\"},\"query-input\":{\"@type\":\"PropertyValueSpecification\",\"valueRequired\":true,\"valueName\":\"search_term_string\"}}],\"inLanguage\":\"es\"}]}<\/script>\n<!-- \/ Yoast SEO plugin. -->","yoast_head_json":{"title":"Calendari escolar i horari | Patronat Municipal d'Escoles d'Infants, Palma","robots":{"index":"index","follow":"follow","max-snippet":"max-snippet:-1","max-image-preview":"max-image-preview:large","max-video-preview":"max-video-preview:-1"},"canonical":"https:\/\/palmaescolesinfants.cat\/calendari-i-horari\/","og_locale":"es_ES","og_type":"article","og_title":"Calendari escolar i horari | Patronat Municipal d'Escoles d'Infants, Palma","og_description":"ORGANIZACI\u00d3N Calendario y horario Calendario escolar El curso empieza durante la segunda semana de septiembre, si bien hay que tener en cuenta que el inicio se realizar\u00e1 de forma escalonada seg\u00fan el calendario de acogida y adaptaci\u00f3n que establezca cada centro. A continuaci\u00f3n, se se\u00f1alan las fechas orientativas para el inicio escolar de ni\u00f1os y [&hellip;]","og_url":"https:\/\/palmaescolesinfants.cat\/calendari-i-horari\/","og_site_name":"Patronat Municipal d&#039;Escoles d&#039;Infants de l&#039;Ajuntament de Palma","article_modified_time":"2025-04-04T09:14:17+00:00","twitter_card":"summary_large_image","twitter_misc":{"Tiempo de lectura":"3 minutos"},"schema":{"@context":"https:\/\/schema.org","@graph":[{"@type":"WebPage","@id":"https:\/\/palmaescolesinfants.cat\/calendari-i-horari\/","url":"https:\/\/palmaescolesinfants.cat\/calendari-i-horari\/","name":"Calendari escolar i horari | Patronat Municipal d'Escoles d'Infants, Palma","isPartOf":{"@id":"https:\/\/palmaescolesinfants.cat\/#website"},"datePublished":"2022-03-02T10:43:20+00:00","dateModified":"2025-04-04T09:14:17+00:00","breadcrumb":{"@id":"https:\/\/palmaescolesinfants.cat\/calendari-i-horari\/#breadcrumb"},"inLanguage":"es","potentialAction":[{"@type":"ReadAction","target":["https:\/\/palmaescolesinfants.cat\/calendari-i-horari\/"]}]},{"@type":"BreadcrumbList","@id":"https:\/\/palmaescolesinfants.cat\/calendari-i-horari\/#breadcrumb","itemListElement":[{"@type":"ListItem","position":1,"name":"Portada","item":"https:\/\/palmaescolesinfants.cat\/"},{"@type":"ListItem","position":2,"name":"Calendario y horario"}]},{"@type":"WebSite","@id":"https:\/\/palmaescolesinfants.cat\/#website","url":"https:\/\/palmaescolesinfants.cat\/","name":"Patronat Municipal d&#039;Escoles d&#039;Infants de l&#039;Ajuntament de Palma","description":"L&#039;educaci\u00f3 dels infants \u00e9s el nostre principal objectiu","potentialAction":[{"@type":"SearchAction","target":{"@type":"EntryPoint","urlTemplate":"https:\/\/palmaescolesinfants.cat\/?s={search_term_string}"},"query-input":{"@type":"PropertyValueSpecification","valueRequired":true,"valueName":"search_term_string"}}],"inLanguage":"es"}]}},"_links":{"self":[{"href":"https:\/\/palmaescolesinfants.cat\/es\/wp-json\/wp\/v2\/pages\/1106","targetHints":{"allow":["GET"]}}],"collection":[{"href":"https:\/\/palmaescolesinfants.cat\/es\/wp-json\/wp\/v2\/pages"}],"about":[{"href":"https:\/\/palmaescolesinfants.cat\/es\/wp-json\/wp\/v2\/types\/page"}],"author":[{"embeddable":true,"href":"https:\/\/palmaescolesinfants.cat\/es\/wp-json\/wp\/v2\/users\/1"}],"replies":[{"embeddable":true,"href":"https:\/\/palmaescolesinfants.cat\/es\/wp-json\/wp\/v2\/comments?post=1106"}],"version-history":[{"count":57,"href":"https:\/\/palmaescolesinfants.cat\/es\/wp-json\/wp\/v2\/pages\/1106\/revisions"}],"predecessor-version":[{"id":4361,"href":"https:\/\/palmaescolesinfants.cat\/es\/wp-json\/wp\/v2\/pages\/1106\/revisions\/4361"}],"wp:attachment":[{"href":"https:\/\/palmaescolesinfants.cat\/es\/wp-json\/wp\/v2\/media?parent=1106"}],"curies":[{"name":"wp","href":"https:\/\/api.w.org\/{rel}","templated":true}]}}