{"id":1115,"date":"2022-03-02T10:44:34","date_gmt":"2022-03-02T10:44:34","guid":{"rendered":"https:\/\/palmaescolesinfants.cat\/?page_id=1115"},"modified":"2022-10-17T12:26:15","modified_gmt":"2022-10-17T12:26:15","slug":"otras-orientaciones","status":"publish","type":"page","link":"https:\/\/palmaescolesinfants.cat\/es\/otras-orientaciones\/","title":{"rendered":"Otras orientaciones"},"content":{"rendered":"\t\t<div data-elementor-type=\"wp-page\" data-elementor-id=\"1115\" class=\"elementor elementor-1115\">\n\t\t\t\t\t\t<section class=\"elementor-section elementor-top-section elementor-element elementor-element-34febe84 elementor-section-height-min-height elementor-section-items-stretch elementor-section-boxed elementor-section-height-default\" data-id=\"34febe84\" data-element_type=\"section\" data-settings=\"{&quot;background_background&quot;:&quot;classic&quot;}\">\n\t\t\t\t\t\t\t<div class=\"elementor-background-overlay\"><\/div>\n\t\t\t\t\t\t\t<div class=\"elementor-container elementor-column-gap-no\">\n\t\t\t\t\t<div class=\"elementor-column elementor-col-100 elementor-top-column elementor-element elementor-element-3fd586f8\" data-id=\"3fd586f8\" data-element_type=\"column\" data-settings=\"{&quot;background_background&quot;:&quot;classic&quot;}\">\n\t\t\t<div class=\"elementor-widget-wrap elementor-element-populated\">\n\t\t\t\t\t<div class=\"elementor-background-overlay\"><\/div>\n\t\t\t\t\t\t<div class=\"elementor-element elementor-element-f129611 elementor-widget elementor-widget-heading\" data-id=\"f129611\" data-element_type=\"widget\" data-widget_type=\"heading.default\">\n\t\t\t\t<div class=\"elementor-widget-container\">\n\t\t\t\t\t<h2 class=\"elementor-heading-title elementor-size-default\">ORGANIZACI\u00d3N<\/h2>\t\t\t\t<\/div>\n\t\t\t\t<\/div>\n\t\t\t\t<div class=\"elementor-element elementor-element-ec0b800 elementor-widget elementor-widget-spacer\" data-id=\"ec0b800\" data-element_type=\"widget\" data-widget_type=\"spacer.default\">\n\t\t\t\t<div class=\"elementor-widget-container\">\n\t\t\t\t\t\t\t<div class=\"elementor-spacer\">\n\t\t\t<div class=\"elementor-spacer-inner\"><\/div>\n\t\t<\/div>\n\t\t\t\t\t\t<\/div>\n\t\t\t\t<\/div>\n\t\t\t\t<div class=\"elementor-element elementor-element-fe43ea2 elementor-widget elementor-widget-heading\" data-id=\"fe43ea2\" data-element_type=\"widget\" data-widget_type=\"heading.default\">\n\t\t\t\t<div class=\"elementor-widget-container\">\n\t\t\t\t\t<h1 class=\"elementor-heading-title elementor-size-default\">Otras orientaciones<\/h1>\t\t\t\t<\/div>\n\t\t\t\t<\/div>\n\t\t\t\t\t<\/div>\n\t\t<\/div>\n\t\t\t\t\t<\/div>\n\t\t<\/section>\n\t\t\t\t<section class=\"elementor-section elementor-top-section elementor-element elementor-element-4394a71 elementor-section-boxed elementor-section-height-default elementor-section-height-default\" data-id=\"4394a71\" data-element_type=\"section\" data-settings=\"{&quot;background_background&quot;:&quot;classic&quot;}\">\n\t\t\t\t\t\t<div class=\"elementor-container elementor-column-gap-no\">\n\t\t\t\t\t<div class=\"elementor-column elementor-col-100 elementor-top-column elementor-element elementor-element-3fc9bf5\" data-id=\"3fc9bf5\" data-element_type=\"column\" data-settings=\"{&quot;background_background&quot;:&quot;classic&quot;}\">\n\t\t\t<div class=\"elementor-widget-wrap elementor-element-populated\">\n\t\t\t\t\t\t<section class=\"elementor-section elementor-inner-section elementor-element elementor-element-aca851d elementor-section-boxed elementor-section-height-default elementor-section-height-default\" data-id=\"aca851d\" data-element_type=\"section\">\n\t\t\t\t\t\t<div class=\"elementor-container elementor-column-gap-default\">\n\t\t\t\t\t<div class=\"elementor-column elementor-col-100 elementor-inner-column elementor-element elementor-element-c79768f\" data-id=\"c79768f\" data-element_type=\"column\">\n\t\t\t<div class=\"elementor-widget-wrap elementor-element-populated\">\n\t\t\t\t\t\t<div class=\"elementor-element elementor-element-e1709b1 linksnegros elementor-widget elementor-widget-text-editor\" data-id=\"e1709b1\" data-element_type=\"widget\" data-widget_type=\"text-editor.default\">\n\t\t\t\t<div class=\"elementor-widget-container\">\n\t\t\t\t\t\t\t\t\t<p>Para el buen funcionamiento del centro, ante cualquier consulta o duda, la persona interlocutora es el tutor o la tutora. En los casos en los que se estime oportuno, la comunicaci\u00f3n puede realizarse con la direcci\u00f3n de la escuela. Si posteriormente se considera necesario, tambi\u00e9n puede dirigirse la consulta a las oficinas del PMEI.<\/p><ul><li>Los cambios de direcci\u00f3n, tel\u00e9fono, datos bancarios, etc. deben notificarse por escrito a la direcci\u00f3n del centro, el cual los trasladar\u00e1 a las oficinas del PMEI.<\/li><li>El PMEI no se hace responsable de las posibles sustracciones de cochecitos o de otros objetos que se hayan dejado en la escuela.<\/li><li>Seg\u00fan la actual normativa sanitaria de la Consejer\u00eda de Educaci\u00f3n, los cochecitos no pueden entrar en el recinto escolar ni permanecer dentro de este. En caso de que en un futuro, ante la evoluci\u00f3n positiva de la pandemia, esta normativa se flexibilice, para poder dejar el cochecito en el centro se deber\u00e1 presentar una solicitud por escrito a la misma escuela, la cual se encargar\u00e1 de valorar la viabilidad de la petici\u00f3n, dado que las zonas habilitadas para dejar los cochecitos disponen de un lugar limitado y las especificaciones sanitarias, as\u00ed como los planes de evacuaci\u00f3n de cada centro, condicionan a\u00fan m\u00e1s estos espacios.<\/li><li>Si el ni\u00f1o o la ni\u00f1a no participa en las actividades de su grupo que se realicen fuera del centro durante la jornada escolar, el d\u00eda de la salida no podr\u00e1 asistir a la escuela (art. 12 del Reglamento de R\u00e9gimen Interno).<\/li><\/ul>\t\t\t\t\t\t\t\t<\/div>\n\t\t\t\t<\/div>\n\t\t\t\t\t<\/div>\n\t\t<\/div>\n\t\t\t\t\t<\/div>\n\t\t<\/section>\n\t\t\t\t\t<\/div>\n\t\t<\/div>\n\t\t\t\t\t<\/div>\n\t\t<\/section>\n\t\t\t\t<\/div>\n\t\t","protected":false},"excerpt":{"rendered":"<p>ORGANIZACI\u00d3N Otras orientaciones Para el buen funcionamiento del centro, ante cualquier consulta o duda, la persona interlocutora es el tutor o la tutora. En los casos en los que se estime oportuno, la comunicaci\u00f3n puede realizarse con la direcci\u00f3n de la escuela. Si posteriormente se considera necesario, tambi\u00e9n puede dirigirse la consulta a las oficinas [&hellip;]<\/p>\n","protected":false},"author":1,"featured_media":0,"parent":0,"menu_order":0,"comment_status":"closed","ping_status":"closed","template":"elementor_header_footer","meta":{"inline_featured_image":false,"footnotes":""},"class_list":["post-1115","page","type-page","status-publish","hentry"],"yoast_head":"<!-- This site is optimized with the Yoast SEO plugin v24.5 - https:\/\/yoast.com\/wordpress\/plugins\/seo\/ -->\n<title>Altres orientacions - organitzaci\u00f3 | Patronat Municipal Escoles d&#039;Infants<\/title>\n<meta name=\"robots\" content=\"index, follow, max-snippet:-1, max-image-preview:large, max-video-preview:-1\" \/>\n<link rel=\"canonical\" href=\"https:\/\/palmaescolesinfants.cat\/es\/otras-orientaciones\/\" \/>\n<meta property=\"og:locale\" content=\"es_ES\" \/>\n<meta property=\"og:type\" content=\"article\" \/>\n<meta property=\"og:title\" content=\"Altres orientacions - organitzaci\u00f3 | Patronat Municipal Escoles d&#039;Infants\" \/>\n<meta property=\"og:description\" content=\"ORGANIZACI\u00d3N Otras orientaciones Para el buen funcionamiento del centro, ante cualquier consulta o duda, la persona interlocutora es el tutor o la tutora. En los casos en los que se estime oportuno, la comunicaci\u00f3n puede realizarse con la direcci\u00f3n de la escuela. Si posteriormente se considera necesario, tambi\u00e9n puede dirigirse la consulta a las oficinas [&hellip;]\" \/>\n<meta property=\"og:url\" content=\"https:\/\/palmaescolesinfants.cat\/es\/otras-orientaciones\/\" \/>\n<meta property=\"og:site_name\" content=\"Patronat Municipal d&#039;Escoles d&#039;Infants de l&#039;Ajuntament de Palma\" \/>\n<meta property=\"article:modified_time\" content=\"2022-10-17T12:26:15+00:00\" \/>\n<meta name=\"twitter:card\" content=\"summary_large_image\" \/>\n<meta name=\"twitter:label1\" content=\"Tiempo de lectura\" \/>\n\t<meta name=\"twitter:data1\" content=\"2 minutos\" \/>\n<script type=\"application\/ld+json\" class=\"yoast-schema-graph\">{\"@context\":\"https:\/\/schema.org\",\"@graph\":[{\"@type\":\"WebPage\",\"@id\":\"https:\/\/palmaescolesinfants.cat\/es\/otras-orientaciones\/\",\"url\":\"https:\/\/palmaescolesinfants.cat\/es\/otras-orientaciones\/\",\"name\":\"Altres orientacions - organitzaci\u00f3 | Patronat Municipal Escoles d'Infants\",\"isPartOf\":{\"@id\":\"https:\/\/palmaescolesinfants.cat\/#website\"},\"datePublished\":\"2022-03-02T10:44:34+00:00\",\"dateModified\":\"2022-10-17T12:26:15+00:00\",\"breadcrumb\":{\"@id\":\"https:\/\/palmaescolesinfants.cat\/es\/otras-orientaciones\/#breadcrumb\"},\"inLanguage\":\"es\",\"potentialAction\":[{\"@type\":\"ReadAction\",\"target\":[\"https:\/\/palmaescolesinfants.cat\/es\/otras-orientaciones\/\"]}]},{\"@type\":\"BreadcrumbList\",\"@id\":\"https:\/\/palmaescolesinfants.cat\/es\/otras-orientaciones\/#breadcrumb\",\"itemListElement\":[{\"@type\":\"ListItem\",\"position\":1,\"name\":\"Portada\",\"item\":\"https:\/\/palmaescolesinfants.cat\/\"},{\"@type\":\"ListItem\",\"position\":2,\"name\":\"Otras orientaciones\"}]},{\"@type\":\"WebSite\",\"@id\":\"https:\/\/palmaescolesinfants.cat\/#website\",\"url\":\"https:\/\/palmaescolesinfants.cat\/\",\"name\":\"Patronat Municipal d&#039;Escoles d&#039;Infants de l&#039;Ajuntament de Palma\",\"description\":\"L&#039;educaci\u00f3 dels infants \u00e9s el nostre principal objectiu\",\"potentialAction\":[{\"@type\":\"SearchAction\",\"target\":{\"@type\":\"EntryPoint\",\"urlTemplate\":\"https:\/\/palmaescolesinfants.cat\/?s={search_term_string}\"},\"query-input\":{\"@type\":\"PropertyValueSpecification\",\"valueRequired\":true,\"valueName\":\"search_term_string\"}}],\"inLanguage\":\"es\"}]}<\/script>\n<!-- \/ Yoast SEO plugin. -->","yoast_head_json":{"title":"Altres orientacions - organitzaci\u00f3 | Patronat Municipal Escoles d'Infants","robots":{"index":"index","follow":"follow","max-snippet":"max-snippet:-1","max-image-preview":"max-image-preview:large","max-video-preview":"max-video-preview:-1"},"canonical":"https:\/\/palmaescolesinfants.cat\/es\/otras-orientaciones\/","og_locale":"es_ES","og_type":"article","og_title":"Altres orientacions - organitzaci\u00f3 | Patronat Municipal Escoles d'Infants","og_description":"ORGANIZACI\u00d3N Otras orientaciones Para el buen funcionamiento del centro, ante cualquier consulta o duda, la persona interlocutora es el tutor o la tutora. En los casos en los que se estime oportuno, la comunicaci\u00f3n puede realizarse con la direcci\u00f3n de la escuela. Si posteriormente se considera necesario, tambi\u00e9n puede dirigirse la consulta a las oficinas [&hellip;]","og_url":"https:\/\/palmaescolesinfants.cat\/es\/otras-orientaciones\/","og_site_name":"Patronat Municipal d&#039;Escoles d&#039;Infants de l&#039;Ajuntament de Palma","article_modified_time":"2022-10-17T12:26:15+00:00","twitter_card":"summary_large_image","twitter_misc":{"Tiempo de lectura":"2 minutos"},"schema":{"@context":"https:\/\/schema.org","@graph":[{"@type":"WebPage","@id":"https:\/\/palmaescolesinfants.cat\/es\/otras-orientaciones\/","url":"https:\/\/palmaescolesinfants.cat\/es\/otras-orientaciones\/","name":"Altres orientacions - organitzaci\u00f3 | Patronat Municipal Escoles d'Infants","isPartOf":{"@id":"https:\/\/palmaescolesinfants.cat\/#website"},"datePublished":"2022-03-02T10:44:34+00:00","dateModified":"2022-10-17T12:26:15+00:00","breadcrumb":{"@id":"https:\/\/palmaescolesinfants.cat\/es\/otras-orientaciones\/#breadcrumb"},"inLanguage":"es","potentialAction":[{"@type":"ReadAction","target":["https:\/\/palmaescolesinfants.cat\/es\/otras-orientaciones\/"]}]},{"@type":"BreadcrumbList","@id":"https:\/\/palmaescolesinfants.cat\/es\/otras-orientaciones\/#breadcrumb","itemListElement":[{"@type":"ListItem","position":1,"name":"Portada","item":"https:\/\/palmaescolesinfants.cat\/"},{"@type":"ListItem","position":2,"name":"Otras orientaciones"}]},{"@type":"WebSite","@id":"https:\/\/palmaescolesinfants.cat\/#website","url":"https:\/\/palmaescolesinfants.cat\/","name":"Patronat Municipal d&#039;Escoles d&#039;Infants de l&#039;Ajuntament de Palma","description":"L&#039;educaci\u00f3 dels infants \u00e9s el nostre principal objectiu","potentialAction":[{"@type":"SearchAction","target":{"@type":"EntryPoint","urlTemplate":"https:\/\/palmaescolesinfants.cat\/?s={search_term_string}"},"query-input":{"@type":"PropertyValueSpecification","valueRequired":true,"valueName":"search_term_string"}}],"inLanguage":"es"}]}},"_links":{"self":[{"href":"https:\/\/palmaescolesinfants.cat\/es\/wp-json\/wp\/v2\/pages\/1115","targetHints":{"allow":["GET"]}}],"collection":[{"href":"https:\/\/palmaescolesinfants.cat\/es\/wp-json\/wp\/v2\/pages"}],"about":[{"href":"https:\/\/palmaescolesinfants.cat\/es\/wp-json\/wp\/v2\/types\/page"}],"author":[{"embeddable":true,"href":"https:\/\/palmaescolesinfants.cat\/es\/wp-json\/wp\/v2\/users\/1"}],"replies":[{"embeddable":true,"href":"https:\/\/palmaescolesinfants.cat\/es\/wp-json\/wp\/v2\/comments?post=1115"}],"version-history":[{"count":24,"href":"https:\/\/palmaescolesinfants.cat\/es\/wp-json\/wp\/v2\/pages\/1115\/revisions"}],"predecessor-version":[{"id":3100,"href":"https:\/\/palmaescolesinfants.cat\/es\/wp-json\/wp\/v2\/pages\/1115\/revisions\/3100"}],"wp:attachment":[{"href":"https:\/\/palmaescolesinfants.cat\/es\/wp-json\/wp\/v2\/media?parent=1115"}],"curies":[{"name":"wp","href":"https:\/\/api.w.org\/{rel}","templated":true}]}}