{"id":1118,"date":"2022-03-02T10:44:50","date_gmt":"2022-03-02T10:44:50","guid":{"rendered":"https:\/\/palmaescolesinfants.cat\/?page_id=1118"},"modified":"2025-04-02T10:42:13","modified_gmt":"2025-04-02T10:42:13","slug":"impresos-y-autorizaciones","status":"publish","type":"page","link":"https:\/\/palmaescolesinfants.cat\/es\/impresos-y-autorizaciones\/","title":{"rendered":"Impresos y autorizaciones"},"content":{"rendered":"\t\t<div data-elementor-type=\"wp-page\" data-elementor-id=\"1118\" class=\"elementor elementor-1118\">\n\t\t\t\t\t\t<section class=\"elementor-section elementor-top-section elementor-element elementor-element-34febe84 elementor-section-height-min-height elementor-section-items-stretch elementor-section-boxed elementor-section-height-default\" data-id=\"34febe84\" data-element_type=\"section\" data-settings=\"{&quot;background_background&quot;:&quot;classic&quot;}\">\n\t\t\t\t\t\t\t<div class=\"elementor-background-overlay\"><\/div>\n\t\t\t\t\t\t\t<div class=\"elementor-container elementor-column-gap-no\">\n\t\t\t\t\t<div class=\"elementor-column elementor-col-100 elementor-top-column elementor-element elementor-element-3fd586f8\" data-id=\"3fd586f8\" data-element_type=\"column\" data-settings=\"{&quot;background_background&quot;:&quot;classic&quot;}\">\n\t\t\t<div class=\"elementor-widget-wrap elementor-element-populated\">\n\t\t\t\t\t<div class=\"elementor-background-overlay\"><\/div>\n\t\t\t\t\t\t<div class=\"elementor-element elementor-element-f129611 elementor-widget elementor-widget-heading\" data-id=\"f129611\" data-element_type=\"widget\" data-widget_type=\"heading.default\">\n\t\t\t\t<div class=\"elementor-widget-container\">\n\t\t\t\t\t<h2 class=\"elementor-heading-title elementor-size-default\">ORGANIZACI\u00d3N<\/h2>\t\t\t\t<\/div>\n\t\t\t\t<\/div>\n\t\t\t\t<div class=\"elementor-element elementor-element-ec0b800 elementor-widget elementor-widget-spacer\" data-id=\"ec0b800\" data-element_type=\"widget\" data-widget_type=\"spacer.default\">\n\t\t\t\t<div class=\"elementor-widget-container\">\n\t\t\t\t\t\t\t<div class=\"elementor-spacer\">\n\t\t\t<div class=\"elementor-spacer-inner\"><\/div>\n\t\t<\/div>\n\t\t\t\t\t\t<\/div>\n\t\t\t\t<\/div>\n\t\t\t\t<div class=\"elementor-element elementor-element-fe43ea2 elementor-widget elementor-widget-heading\" data-id=\"fe43ea2\" data-element_type=\"widget\" data-widget_type=\"heading.default\">\n\t\t\t\t<div class=\"elementor-widget-container\">\n\t\t\t\t\t<h1 class=\"elementor-heading-title elementor-size-default\">Impresos y autorizaciones\n<\/h1>\t\t\t\t<\/div>\n\t\t\t\t<\/div>\n\t\t\t\t\t<\/div>\n\t\t<\/div>\n\t\t\t\t\t<\/div>\n\t\t<\/section>\n\t\t\t\t<section class=\"elementor-section elementor-top-section elementor-element elementor-element-7e702f5 elementor-section-boxed elementor-section-height-default elementor-section-height-default\" data-id=\"7e702f5\" data-element_type=\"section\">\n\t\t\t\t\t\t<div class=\"elementor-container elementor-column-gap-no\">\n\t\t\t\t\t<div class=\"elementor-column elementor-col-100 elementor-top-column elementor-element elementor-element-f8a1ad9\" data-id=\"f8a1ad9\" data-element_type=\"column\" data-settings=\"{&quot;background_background&quot;:&quot;classic&quot;}\">\n\t\t\t<div class=\"elementor-widget-wrap elementor-element-populated\">\n\t\t\t\t\t\t<section class=\"elementor-section elementor-inner-section elementor-element elementor-element-9867e52 elementor-section-full_width elementor-section-height-default elementor-section-height-default\" data-id=\"9867e52\" data-element_type=\"section\">\n\t\t\t\t\t\t<div class=\"elementor-container elementor-column-gap-default\">\n\t\t\t\t\t<div class=\"elementor-column elementor-col-100 elementor-inner-column elementor-element elementor-element-f4e75b2\" data-id=\"f4e75b2\" data-element_type=\"column\">\n\t\t\t<div class=\"elementor-widget-wrap elementor-element-populated\">\n\t\t\t\t\t\t<div class=\"elementor-element elementor-element-f6e43aa textonegro elementor-widget elementor-widget-text-editor\" data-id=\"f6e43aa\" data-element_type=\"widget\" data-widget_type=\"text-editor.default\">\n\t\t\t\t<div class=\"elementor-widget-container\">\n\t\t\t\t\t\t\t\t\t<p>Aqu\u00ed encontrar\u00e1 impresos y autorizaciones descargables.<\/p><ul><li><a role=\"button\" href=\"https:\/\/palmaescolesinfants.cat\/wp-content\/uploads\/2025\/04\/01_DOCUMENTO-MATRICULACION-DATOS-CENTRO_CAST_2025-26.pdf\" target=\"_blank\" rel=\"noopener\">DOCUMENTO MATRICULACI\u00d3N DATOS CENTRO<\/a><\/li><li><a role=\"button\" href=\"https:\/\/palmaescolesinfants.cat\/wp-content\/uploads\/2025\/04\/02_DOCUMENTO-MATRICULACION-DATOS-BANCARIOS_CAST_2025-26.pdf\" target=\"_blank\" rel=\"noopener\">DOCUMENTO MATRICULACI\u00d3N DATOS BANCARIOS<\/a><\/li><li><a role=\"button\" href=\"https:\/\/palmaescolesinfants.cat\/wp-content\/uploads\/2022\/03\/03_AUTORITZACIO-SORTIDA-DEL-CENTRE-ESCOLAR.pdf\" target=\"_blank\" rel=\"noopener\">AUTORIZACI\u00d3N SALIDA DEL CENTRO ESCOLAR<\/a><\/li><li><a role=\"button\" href=\"https:\/\/palmaescolesinfants.cat\/wp-content\/uploads\/2022\/03\/04_AUTORITZACIO-ADMINISTRACIO-ANTITERMICS.pdf\" target=\"_blank\" rel=\"noopener\">AUTORIZACI\u00d3N ADMINISTRACI\u00d3N ANTIT\u00c9RMICOS<\/a><\/li><li><a role=\"button\" href=\"https:\/\/palmaescolesinfants.cat\/wp-content\/uploads\/2022\/03\/05_AUTORITZACIO-ADMINISTRACIO-LLET-MATERNA.pdf\" target=\"_blank\" rel=\"noopener\">AUTORIZACI\u00d3N ADMINISTRACI\u00d3N LECHE MATERNA<\/a><\/li><li><a role=\"button\" href=\"https:\/\/palmaescolesinfants.cat\/wp-content\/uploads\/2022\/03\/06_AUTORITZACIO-DESCARREC-DE-RESPONSABILITAT_RECOLLIDA-MENOR.pdf\" target=\"_blank\" rel=\"noopener\">AUTORIZACI\u00d3N DESCARGO DE RESPONSABILIDAD RECOGIDA MENOR<\/a><\/li><li><a role=\"button\" href=\"https:\/\/palmaescolesinfants.cat\/wp-content\/uploads\/2025\/04\/07_AUTORITZACIO-RECOLLIDA-DE-L_INFANT_CAT_CAST_ABRIL_2025.pdf\" target=\"_blank\" rel=\"noopener\">AUTORIZACI\u00d3N RECOGIDA DEL NI\u00d1O O NI\u00d1A<\/a><\/li><li><a role=\"button\" href=\"https:\/\/palmaescolesinfants.cat\/wp-content\/uploads\/2022\/03\/08_INFO_ALIMENTS-DELS-MENUS-I-CALENDARI-D_INTRODUCCIO.pdf\" target=\"_blank\" rel=\"noopener\">ALIMENTOS DE LOS MEN\u00daS Y CALENDARIO DE INTRODUCCI\u00d3N<\/a><\/li><li><a role=\"button\" href=\"https:\/\/palmaescolesinfants.cat\/wp-content\/uploads\/2022\/03\/09_INFO_ALLETAMENT-MATERN-A-LES-ESCOLES-D_INFANTS.pdf\" target=\"_blank\" rel=\"noopener\">LACTANCIA MATERNA EN LAS ESCUELAS INFANTILES<\/a><\/li><li><a role=\"button\" href=\"https:\/\/palmaescolesinfants.cat\/wp-content\/uploads\/2022\/03\/10_INFO_MOTIUS-DE-SALUT-PER-LA-NO-ASSISTENCIA-AL-CENTRE.pdf\" target=\"_blank\" rel=\"noopener\">MOTIVOS DE SALUD PARA LA FALTA DE ASISTENCIA EN EL CENTRO<\/a><\/li><li><a role=\"button\" href=\"https:\/\/palmaescolesinfants.cat\/wp-content\/uploads\/2025\/04\/11_INFO_PROTOCOL-FAMILIA-ABSENT-RECOLLIDA-INFANT_CAT_CAST_ABRIL_2025.pdf\" target=\"_blank\" rel=\"noopener\">PROTOCOLO FAMILIA AUSENTE EN LA RECOGIDA<\/a><\/li><li><a role=\"button\" href=\"https:\/\/palmaescolesinfants.cat\/wp-content\/uploads\/2022\/03\/12_POLITICA-DE-PRIVACITAT.pdf\" target=\"_blank\" rel=\"noopener\">POL\u00cdTICA DE PRIVACIDAD<\/a><\/li><\/ul>\t\t\t\t\t\t\t\t<\/div>\n\t\t\t\t<\/div>\n\t\t\t\t\t<\/div>\n\t\t<\/div>\n\t\t\t\t\t<\/div>\n\t\t<\/section>\n\t\t\t\t\t<\/div>\n\t\t<\/div>\n\t\t\t\t\t<\/div>\n\t\t<\/section>\n\t\t\t\t<\/div>\n\t\t","protected":false},"excerpt":{"rendered":"<p>ORGANIZACI\u00d3N Impresos y autorizaciones Aqu\u00ed encontrar\u00e1 impresos y autorizaciones descargables. DOCUMENTO MATRICULACI\u00d3N DATOS CENTRO DOCUMENTO MATRICULACI\u00d3N DATOS BANCARIOS AUTORIZACI\u00d3N SALIDA DEL CENTRO ESCOLAR AUTORIZACI\u00d3N ADMINISTRACI\u00d3N ANTIT\u00c9RMICOS AUTORIZACI\u00d3N ADMINISTRACI\u00d3N LECHE MATERNA AUTORIZACI\u00d3N DESCARGO DE RESPONSABILIDAD RECOGIDA MENOR AUTORIZACI\u00d3N RECOGIDA DEL NI\u00d1O O NI\u00d1A ALIMENTOS DE LOS MEN\u00daS Y CALENDARIO DE INTRODUCCI\u00d3N LACTANCIA MATERNA EN LAS ESCUELAS [&hellip;]<\/p>\n","protected":false},"author":1,"featured_media":0,"parent":0,"menu_order":0,"comment_status":"closed","ping_status":"closed","template":"elementor_header_footer","meta":{"inline_featured_image":false,"footnotes":""},"class_list":["post-1118","page","type-page","status-publish","hentry"],"yoast_head":"<!-- This site is optimized with the Yoast SEO plugin v24.5 - https:\/\/yoast.com\/wordpress\/plugins\/seo\/ -->\n<title>Impresos i autoritzacions | Patronat Municipal d&#039;Escoles d&#039;Infants, Palma<\/title>\n<meta name=\"robots\" content=\"index, follow, max-snippet:-1, max-image-preview:large, max-video-preview:-1\" \/>\n<link rel=\"canonical\" href=\"https:\/\/palmaescolesinfants.cat\/impresos-i-autoritzacions\/\" \/>\n<meta property=\"og:locale\" content=\"es_ES\" \/>\n<meta property=\"og:type\" content=\"article\" \/>\n<meta property=\"og:title\" content=\"Impresos i autoritzacions | Patronat Municipal d&#039;Escoles d&#039;Infants, Palma\" \/>\n<meta property=\"og:description\" content=\"ORGANIZACI\u00d3N Impresos y autorizaciones Aqu\u00ed encontrar\u00e1 impresos y autorizaciones descargables. DOCUMENTO MATRICULACI\u00d3N DATOS CENTRO DOCUMENTO MATRICULACI\u00d3N DATOS BANCARIOS AUTORIZACI\u00d3N SALIDA DEL CENTRO ESCOLAR AUTORIZACI\u00d3N ADMINISTRACI\u00d3N ANTIT\u00c9RMICOS AUTORIZACI\u00d3N ADMINISTRACI\u00d3N LECHE MATERNA AUTORIZACI\u00d3N DESCARGO DE RESPONSABILIDAD RECOGIDA MENOR AUTORIZACI\u00d3N RECOGIDA DEL NI\u00d1O O NI\u00d1A ALIMENTOS DE LOS MEN\u00daS Y CALENDARIO DE INTRODUCCI\u00d3N LACTANCIA MATERNA EN LAS ESCUELAS [&hellip;]\" \/>\n<meta property=\"og:url\" content=\"https:\/\/palmaescolesinfants.cat\/impresos-i-autoritzacions\/\" \/>\n<meta property=\"og:site_name\" content=\"Patronat Municipal d&#039;Escoles d&#039;Infants de l&#039;Ajuntament de Palma\" \/>\n<meta property=\"article:modified_time\" content=\"2025-04-02T10:42:13+00:00\" \/>\n<meta name=\"twitter:card\" content=\"summary_large_image\" \/>\n<meta name=\"twitter:label1\" content=\"Tiempo de lectura\" \/>\n\t<meta name=\"twitter:data1\" content=\"1 minuto\" \/>\n<script type=\"application\/ld+json\" class=\"yoast-schema-graph\">{\"@context\":\"https:\/\/schema.org\",\"@graph\":[{\"@type\":\"WebPage\",\"@id\":\"https:\/\/palmaescolesinfants.cat\/impresos-i-autoritzacions\/\",\"url\":\"https:\/\/palmaescolesinfants.cat\/impresos-i-autoritzacions\/\",\"name\":\"Impresos i autoritzacions | Patronat Municipal d'Escoles d'Infants, Palma\",\"isPartOf\":{\"@id\":\"https:\/\/palmaescolesinfants.cat\/#website\"},\"datePublished\":\"2022-03-02T10:44:50+00:00\",\"dateModified\":\"2025-04-02T10:42:13+00:00\",\"breadcrumb\":{\"@id\":\"https:\/\/palmaescolesinfants.cat\/impresos-i-autoritzacions\/#breadcrumb\"},\"inLanguage\":\"es\",\"potentialAction\":[{\"@type\":\"ReadAction\",\"target\":[\"https:\/\/palmaescolesinfants.cat\/impresos-i-autoritzacions\/\"]}]},{\"@type\":\"BreadcrumbList\",\"@id\":\"https:\/\/palmaescolesinfants.cat\/impresos-i-autoritzacions\/#breadcrumb\",\"itemListElement\":[{\"@type\":\"ListItem\",\"position\":1,\"name\":\"Portada\",\"item\":\"https:\/\/palmaescolesinfants.cat\/\"},{\"@type\":\"ListItem\",\"position\":2,\"name\":\"Impresos y autorizaciones\"}]},{\"@type\":\"WebSite\",\"@id\":\"https:\/\/palmaescolesinfants.cat\/#website\",\"url\":\"https:\/\/palmaescolesinfants.cat\/\",\"name\":\"Patronat Municipal d&#039;Escoles d&#039;Infants de l&#039;Ajuntament de Palma\",\"description\":\"L&#039;educaci\u00f3 dels infants \u00e9s el nostre principal objectiu\",\"potentialAction\":[{\"@type\":\"SearchAction\",\"target\":{\"@type\":\"EntryPoint\",\"urlTemplate\":\"https:\/\/palmaescolesinfants.cat\/?s={search_term_string}\"},\"query-input\":{\"@type\":\"PropertyValueSpecification\",\"valueRequired\":true,\"valueName\":\"search_term_string\"}}],\"inLanguage\":\"es\"}]}<\/script>\n<!-- \/ Yoast SEO plugin. -->","yoast_head_json":{"title":"Impresos i autoritzacions | Patronat Municipal d'Escoles d'Infants, Palma","robots":{"index":"index","follow":"follow","max-snippet":"max-snippet:-1","max-image-preview":"max-image-preview:large","max-video-preview":"max-video-preview:-1"},"canonical":"https:\/\/palmaescolesinfants.cat\/impresos-i-autoritzacions\/","og_locale":"es_ES","og_type":"article","og_title":"Impresos i autoritzacions | Patronat Municipal d'Escoles d'Infants, Palma","og_description":"ORGANIZACI\u00d3N Impresos y autorizaciones Aqu\u00ed encontrar\u00e1 impresos y autorizaciones descargables. DOCUMENTO MATRICULACI\u00d3N DATOS CENTRO DOCUMENTO MATRICULACI\u00d3N DATOS BANCARIOS AUTORIZACI\u00d3N SALIDA DEL CENTRO ESCOLAR AUTORIZACI\u00d3N ADMINISTRACI\u00d3N ANTIT\u00c9RMICOS AUTORIZACI\u00d3N ADMINISTRACI\u00d3N LECHE MATERNA AUTORIZACI\u00d3N DESCARGO DE RESPONSABILIDAD RECOGIDA MENOR AUTORIZACI\u00d3N RECOGIDA DEL NI\u00d1O O NI\u00d1A ALIMENTOS DE LOS MEN\u00daS Y CALENDARIO DE INTRODUCCI\u00d3N LACTANCIA MATERNA EN LAS ESCUELAS [&hellip;]","og_url":"https:\/\/palmaescolesinfants.cat\/impresos-i-autoritzacions\/","og_site_name":"Patronat Municipal d&#039;Escoles d&#039;Infants de l&#039;Ajuntament de Palma","article_modified_time":"2025-04-02T10:42:13+00:00","twitter_card":"summary_large_image","twitter_misc":{"Tiempo de lectura":"1 minuto"},"schema":{"@context":"https:\/\/schema.org","@graph":[{"@type":"WebPage","@id":"https:\/\/palmaescolesinfants.cat\/impresos-i-autoritzacions\/","url":"https:\/\/palmaescolesinfants.cat\/impresos-i-autoritzacions\/","name":"Impresos i autoritzacions | Patronat Municipal d'Escoles d'Infants, Palma","isPartOf":{"@id":"https:\/\/palmaescolesinfants.cat\/#website"},"datePublished":"2022-03-02T10:44:50+00:00","dateModified":"2025-04-02T10:42:13+00:00","breadcrumb":{"@id":"https:\/\/palmaescolesinfants.cat\/impresos-i-autoritzacions\/#breadcrumb"},"inLanguage":"es","potentialAction":[{"@type":"ReadAction","target":["https:\/\/palmaescolesinfants.cat\/impresos-i-autoritzacions\/"]}]},{"@type":"BreadcrumbList","@id":"https:\/\/palmaescolesinfants.cat\/impresos-i-autoritzacions\/#breadcrumb","itemListElement":[{"@type":"ListItem","position":1,"name":"Portada","item":"https:\/\/palmaescolesinfants.cat\/"},{"@type":"ListItem","position":2,"name":"Impresos y autorizaciones"}]},{"@type":"WebSite","@id":"https:\/\/palmaescolesinfants.cat\/#website","url":"https:\/\/palmaescolesinfants.cat\/","name":"Patronat Municipal d&#039;Escoles d&#039;Infants de l&#039;Ajuntament de Palma","description":"L&#039;educaci\u00f3 dels infants \u00e9s el nostre principal objectiu","potentialAction":[{"@type":"SearchAction","target":{"@type":"EntryPoint","urlTemplate":"https:\/\/palmaescolesinfants.cat\/?s={search_term_string}"},"query-input":{"@type":"PropertyValueSpecification","valueRequired":true,"valueName":"search_term_string"}}],"inLanguage":"es"}]}},"_links":{"self":[{"href":"https:\/\/palmaescolesinfants.cat\/es\/wp-json\/wp\/v2\/pages\/1118","targetHints":{"allow":["GET"]}}],"collection":[{"href":"https:\/\/palmaescolesinfants.cat\/es\/wp-json\/wp\/v2\/pages"}],"about":[{"href":"https:\/\/palmaescolesinfants.cat\/es\/wp-json\/wp\/v2\/types\/page"}],"author":[{"embeddable":true,"href":"https:\/\/palmaescolesinfants.cat\/es\/wp-json\/wp\/v2\/users\/1"}],"replies":[{"embeddable":true,"href":"https:\/\/palmaescolesinfants.cat\/es\/wp-json\/wp\/v2\/comments?post=1118"}],"version-history":[{"count":50,"href":"https:\/\/palmaescolesinfants.cat\/es\/wp-json\/wp\/v2\/pages\/1118\/revisions"}],"predecessor-version":[{"id":4324,"href":"https:\/\/palmaescolesinfants.cat\/es\/wp-json\/wp\/v2\/pages\/1118\/revisions\/4324"}],"wp:attachment":[{"href":"https:\/\/palmaescolesinfants.cat\/es\/wp-json\/wp\/v2\/media?parent=1118"}],"curies":[{"name":"wp","href":"https:\/\/api.w.org\/{rel}","templated":true}]}}