{"id":552,"date":"2022-02-24T13:21:19","date_gmt":"2022-02-24T13:21:19","guid":{"rendered":"https:\/\/palmaescolesinfants.cat\/?page_id=552"},"modified":"2022-08-18T12:51:52","modified_gmt":"2022-08-18T12:51:52","slug":"origen-i-finalitat","status":"publish","type":"page","link":"https:\/\/palmaescolesinfants.cat\/es\/origen-i-finalitat\/","title":{"rendered":"Origen i finalitat"},"content":{"rendered":"\t\t<div data-elementor-type=\"wp-page\" data-elementor-id=\"552\" class=\"elementor elementor-552\">\n\t\t\t\t\t\t<section class=\"elementor-section elementor-top-section elementor-element elementor-element-993e750 elementor-section-height-min-height elementor-section-items-stretch elementor-section-boxed elementor-section-height-default\" data-id=\"993e750\" data-element_type=\"section\" data-settings=\"{&quot;background_background&quot;:&quot;classic&quot;}\">\n\t\t\t\t\t\t\t<div class=\"elementor-background-overlay\"><\/div>\n\t\t\t\t\t\t\t<div class=\"elementor-container elementor-column-gap-no\">\n\t\t\t\t\t<div class=\"elementor-column elementor-col-100 elementor-top-column elementor-element elementor-element-40c84de\" data-id=\"40c84de\" data-element_type=\"column\" data-settings=\"{&quot;background_background&quot;:&quot;classic&quot;}\">\n\t\t\t<div class=\"elementor-widget-wrap elementor-element-populated\">\n\t\t\t\t\t<div class=\"elementor-background-overlay\"><\/div>\n\t\t\t\t\t\t<div class=\"elementor-element elementor-element-ad9962e elementor-widget elementor-widget-heading\" data-id=\"ad9962e\" data-element_type=\"widget\" data-widget_type=\"heading.default\">\n\t\t\t\t<div class=\"elementor-widget-container\">\n\t\t\t\t\t<h2 class=\"elementor-heading-title elementor-size-default\">presentaci\u00f3<\/h2>\t\t\t\t<\/div>\n\t\t\t\t<\/div>\n\t\t\t\t<div class=\"elementor-element elementor-element-a25ad8b elementor-widget elementor-widget-heading\" data-id=\"a25ad8b\" data-element_type=\"widget\" data-widget_type=\"heading.default\">\n\t\t\t\t<div class=\"elementor-widget-container\">\n\t\t\t\t\t<h1 class=\"elementor-heading-title elementor-size-default\">Origen i finalitat principal<\/h1>\t\t\t\t<\/div>\n\t\t\t\t<\/div>\n\t\t\t\t<div class=\"elementor-element elementor-element-b39316b elementor-widget elementor-widget-spacer\" data-id=\"b39316b\" data-element_type=\"widget\" data-widget_type=\"spacer.default\">\n\t\t\t\t<div class=\"elementor-widget-container\">\n\t\t\t\t\t\t\t<div class=\"elementor-spacer\">\n\t\t\t<div class=\"elementor-spacer-inner\"><\/div>\n\t\t<\/div>\n\t\t\t\t\t\t<\/div>\n\t\t\t\t<\/div>\n\t\t\t\t\t<\/div>\n\t\t<\/div>\n\t\t\t\t\t<\/div>\n\t\t<\/section>\n\t\t\t\t<section class=\"elementor-section elementor-top-section elementor-element elementor-element-341dca6 elementor-section-boxed elementor-section-height-default elementor-section-height-default\" data-id=\"341dca6\" data-element_type=\"section\">\n\t\t\t\t\t\t<div class=\"elementor-container elementor-column-gap-no\">\n\t\t\t\t\t<div class=\"elementor-column elementor-col-100 elementor-top-column elementor-element elementor-element-5d7974e\" data-id=\"5d7974e\" data-element_type=\"column\" data-settings=\"{&quot;background_background&quot;:&quot;classic&quot;}\">\n\t\t\t<div class=\"elementor-widget-wrap elementor-element-populated\">\n\t\t\t\t\t\t<section class=\"elementor-section elementor-inner-section elementor-element elementor-element-81ff41d elementor-section-full_width elementor-section-height-default elementor-section-height-default\" data-id=\"81ff41d\" data-element_type=\"section\">\n\t\t\t\t\t\t<div class=\"elementor-container elementor-column-gap-default\">\n\t\t\t\t\t<div class=\"elementor-column elementor-col-100 elementor-inner-column elementor-element elementor-element-1be6498\" data-id=\"1be6498\" data-element_type=\"column\">\n\t\t\t<div class=\"elementor-widget-wrap elementor-element-populated\">\n\t\t\t\t\t\t<div class=\"elementor-element elementor-element-35ef24a elementor-widget elementor-widget-text-editor\" data-id=\"35ef24a\" data-element_type=\"widget\" data-widget_type=\"text-editor.default\">\n\t\t\t\t<div class=\"elementor-widget-container\">\n\t\t\t\t\t\t\t\t\t<p>El <strong>Patronat Municipal d\u2019Escoles d\u2019Infants<\/strong> (PMEI) \u00e9s un organisme aut\u00f2nom de l\u2019Ajuntament de Palma (adscrit a la Regidoria d\u2019Educaci\u00f3).<\/p><p>El seu objectiu b\u00e0sic \u00e9s l\u2019educaci\u00f3 de les nines i els nins de la ciutat de Palma durant la seva primera inf\u00e0ncia, garantint el compliment de les finalitats psicopedag\u00f2giques, socials i sanit\u00e0ries que l\u2019escolaritzaci\u00f3 de l\u2019infant requereixi, a partir de les pautes marcades per les institucions pedag\u00f2giques de refer\u00e8ncia.<\/p><p>Durant els m\u00e9s de 40 anys de funcionament, el PMEI ha ampliat els seus serveis per a millorar la quantitat de l\u2019oferta educativa de la ciutat i avui Palma compta amb una xarxa de 12 centres p\u00fablics, 11 de titularitat municipal i 1 de la Conselleria d\u2019Educaci\u00f3, que ofereixen el cicle educatiu de 0 a 3 anys. Actualment el Patronat treballa en la creaci\u00f3 de noves places respectant l\u2019equilibri territorial.<\/p>\t\t\t\t\t\t\t\t<\/div>\n\t\t\t\t<\/div>\n\t\t\t\t<div class=\"elementor-element elementor-element-c556f5a elementor-widget elementor-widget-heading\" data-id=\"c556f5a\" data-element_type=\"widget\" data-widget_type=\"heading.default\">\n\t\t\t\t<div class=\"elementor-widget-container\">\n\t\t\t\t\t<div class=\"elementor-heading-title elementor-size-default\">Autoritzaci\u00f3 de la Conselleria d\u2019Educaci\u00f3<\/div>\t\t\t\t<\/div>\n\t\t\t\t<\/div>\n\t\t\t\t<div class=\"elementor-element elementor-element-35d7aba elementor-widget elementor-widget-text-editor\" data-id=\"35d7aba\" data-element_type=\"widget\" data-widget_type=\"text-editor.default\">\n\t\t\t\t<div class=\"elementor-widget-container\">\n\t\t\t\t\t\t\t\t\t<p>Totes les escoles infantils del Patronat estan autoritzades i inscrites a la Xarxa d\u2019Escoles Infantils P\u00fabliques de les Illes Balears; d\u2019aquesta manera, a nivell normatiu, es regeixen pel Decret 60\/2008 i per les Instruccions per a l\u2019organitzaci\u00f3 i el funcionament dels centres d\u2019educaci\u00f3 infantil de titularitat p\u00fablica (que es publiquen just abans de l\u2019inici de cada curs escolar).<\/p>\t\t\t\t\t\t\t\t<\/div>\n\t\t\t\t<\/div>\n\t\t\t\t\t<\/div>\n\t\t<\/div>\n\t\t\t\t\t<\/div>\n\t\t<\/section>\n\t\t\t\t\t<\/div>\n\t\t<\/div>\n\t\t\t\t\t<\/div>\n\t\t<\/section>\n\t\t\t\t<\/div>\n\t\t","protected":false},"excerpt":{"rendered":"<p>presentaci\u00f3 Origen i finalitat principal El Patronat Municipal d\u2019Escoles d\u2019Infants (PMEI) \u00e9s un organisme aut\u00f2nom de l\u2019Ajuntament de Palma (adscrit a la Regidoria d\u2019Educaci\u00f3). El seu objectiu b\u00e0sic \u00e9s l\u2019educaci\u00f3 de les nines i els nins de la ciutat de Palma durant la seva primera inf\u00e0ncia, garantint el compliment de les finalitats psicopedag\u00f2giques, socials i [&hellip;]<\/p>\n","protected":false},"author":1,"featured_media":0,"parent":0,"menu_order":0,"comment_status":"closed","ping_status":"closed","template":"elementor_header_footer","meta":{"inline_featured_image":false,"footnotes":""},"class_list":["post-552","page","type-page","status-publish","hentry"],"yoast_head":"<!-- This site is optimized with the Yoast SEO plugin v24.5 - https:\/\/yoast.com\/wordpress\/plugins\/seo\/ -->\n<title>Origen i finalitat del Patronat Municipal d&#039;Escoles d&#039;Infants (PMEI), Palma<\/title>\n<meta name=\"robots\" content=\"index, follow, max-snippet:-1, max-image-preview:large, max-video-preview:-1\" \/>\n<link rel=\"canonical\" href=\"https:\/\/palmaescolesinfants.cat\/origen-i-finalitat\/\" \/>\n<meta property=\"og:locale\" content=\"es_ES\" \/>\n<meta property=\"og:type\" content=\"article\" \/>\n<meta property=\"og:title\" content=\"Origen i finalitat del Patronat Municipal d&#039;Escoles d&#039;Infants (PMEI), Palma\" \/>\n<meta property=\"og:description\" content=\"presentaci\u00f3 Origen i finalitat principal El Patronat Municipal d\u2019Escoles d\u2019Infants (PMEI) \u00e9s un organisme aut\u00f2nom de l\u2019Ajuntament de Palma (adscrit a la Regidoria d\u2019Educaci\u00f3). El seu objectiu b\u00e0sic \u00e9s l\u2019educaci\u00f3 de les nines i els nins de la ciutat de Palma durant la seva primera inf\u00e0ncia, garantint el compliment de les finalitats psicopedag\u00f2giques, socials i [&hellip;]\" \/>\n<meta property=\"og:url\" content=\"https:\/\/palmaescolesinfants.cat\/origen-i-finalitat\/\" \/>\n<meta property=\"og:site_name\" content=\"Patronat Municipal d&#039;Escoles d&#039;Infants de l&#039;Ajuntament de Palma\" \/>\n<meta property=\"article:modified_time\" content=\"2022-08-18T12:51:52+00:00\" \/>\n<meta name=\"twitter:card\" content=\"summary_large_image\" \/>\n<meta name=\"twitter:label1\" content=\"Tiempo de lectura\" \/>\n\t<meta name=\"twitter:data1\" content=\"1 minuto\" \/>\n<script type=\"application\/ld+json\" class=\"yoast-schema-graph\">{\"@context\":\"https:\/\/schema.org\",\"@graph\":[{\"@type\":\"WebPage\",\"@id\":\"https:\/\/palmaescolesinfants.cat\/origen-i-finalitat\/\",\"url\":\"https:\/\/palmaescolesinfants.cat\/origen-i-finalitat\/\",\"name\":\"Origen i finalitat del Patronat Municipal d'Escoles d'Infants (PMEI), Palma\",\"isPartOf\":{\"@id\":\"https:\/\/palmaescolesinfants.cat\/#website\"},\"datePublished\":\"2022-02-24T13:21:19+00:00\",\"dateModified\":\"2022-08-18T12:51:52+00:00\",\"breadcrumb\":{\"@id\":\"https:\/\/palmaescolesinfants.cat\/origen-i-finalitat\/#breadcrumb\"},\"inLanguage\":\"es\",\"potentialAction\":[{\"@type\":\"ReadAction\",\"target\":[\"https:\/\/palmaescolesinfants.cat\/origen-i-finalitat\/\"]}]},{\"@type\":\"BreadcrumbList\",\"@id\":\"https:\/\/palmaescolesinfants.cat\/origen-i-finalitat\/#breadcrumb\",\"itemListElement\":[{\"@type\":\"ListItem\",\"position\":1,\"name\":\"Portada\",\"item\":\"https:\/\/palmaescolesinfants.cat\/\"},{\"@type\":\"ListItem\",\"position\":2,\"name\":\"Origen i finalitat\"}]},{\"@type\":\"WebSite\",\"@id\":\"https:\/\/palmaescolesinfants.cat\/#website\",\"url\":\"https:\/\/palmaescolesinfants.cat\/\",\"name\":\"Patronat Municipal d&#039;Escoles d&#039;Infants de l&#039;Ajuntament de Palma\",\"description\":\"L&#039;educaci\u00f3 dels infants \u00e9s el nostre principal objectiu\",\"potentialAction\":[{\"@type\":\"SearchAction\",\"target\":{\"@type\":\"EntryPoint\",\"urlTemplate\":\"https:\/\/palmaescolesinfants.cat\/?s={search_term_string}\"},\"query-input\":{\"@type\":\"PropertyValueSpecification\",\"valueRequired\":true,\"valueName\":\"search_term_string\"}}],\"inLanguage\":\"es\"}]}<\/script>\n<!-- \/ Yoast SEO plugin. -->","yoast_head_json":{"title":"Origen i finalitat del Patronat Municipal d'Escoles d'Infants (PMEI), Palma","robots":{"index":"index","follow":"follow","max-snippet":"max-snippet:-1","max-image-preview":"max-image-preview:large","max-video-preview":"max-video-preview:-1"},"canonical":"https:\/\/palmaescolesinfants.cat\/origen-i-finalitat\/","og_locale":"es_ES","og_type":"article","og_title":"Origen i finalitat del Patronat Municipal d'Escoles d'Infants (PMEI), Palma","og_description":"presentaci\u00f3 Origen i finalitat principal El Patronat Municipal d\u2019Escoles d\u2019Infants (PMEI) \u00e9s un organisme aut\u00f2nom de l\u2019Ajuntament de Palma (adscrit a la Regidoria d\u2019Educaci\u00f3). El seu objectiu b\u00e0sic \u00e9s l\u2019educaci\u00f3 de les nines i els nins de la ciutat de Palma durant la seva primera inf\u00e0ncia, garantint el compliment de les finalitats psicopedag\u00f2giques, socials i [&hellip;]","og_url":"https:\/\/palmaescolesinfants.cat\/origen-i-finalitat\/","og_site_name":"Patronat Municipal d&#039;Escoles d&#039;Infants de l&#039;Ajuntament de Palma","article_modified_time":"2022-08-18T12:51:52+00:00","twitter_card":"summary_large_image","twitter_misc":{"Tiempo de lectura":"1 minuto"},"schema":{"@context":"https:\/\/schema.org","@graph":[{"@type":"WebPage","@id":"https:\/\/palmaescolesinfants.cat\/origen-i-finalitat\/","url":"https:\/\/palmaescolesinfants.cat\/origen-i-finalitat\/","name":"Origen i finalitat del Patronat Municipal d'Escoles d'Infants (PMEI), Palma","isPartOf":{"@id":"https:\/\/palmaescolesinfants.cat\/#website"},"datePublished":"2022-02-24T13:21:19+00:00","dateModified":"2022-08-18T12:51:52+00:00","breadcrumb":{"@id":"https:\/\/palmaescolesinfants.cat\/origen-i-finalitat\/#breadcrumb"},"inLanguage":"es","potentialAction":[{"@type":"ReadAction","target":["https:\/\/palmaescolesinfants.cat\/origen-i-finalitat\/"]}]},{"@type":"BreadcrumbList","@id":"https:\/\/palmaescolesinfants.cat\/origen-i-finalitat\/#breadcrumb","itemListElement":[{"@type":"ListItem","position":1,"name":"Portada","item":"https:\/\/palmaescolesinfants.cat\/"},{"@type":"ListItem","position":2,"name":"Origen i finalitat"}]},{"@type":"WebSite","@id":"https:\/\/palmaescolesinfants.cat\/#website","url":"https:\/\/palmaescolesinfants.cat\/","name":"Patronat Municipal d&#039;Escoles d&#039;Infants de l&#039;Ajuntament de Palma","description":"L&#039;educaci\u00f3 dels infants \u00e9s el nostre principal objectiu","potentialAction":[{"@type":"SearchAction","target":{"@type":"EntryPoint","urlTemplate":"https:\/\/palmaescolesinfants.cat\/?s={search_term_string}"},"query-input":{"@type":"PropertyValueSpecification","valueRequired":true,"valueName":"search_term_string"}}],"inLanguage":"es"}]}},"_links":{"self":[{"href":"https:\/\/palmaescolesinfants.cat\/es\/wp-json\/wp\/v2\/pages\/552","targetHints":{"allow":["GET"]}}],"collection":[{"href":"https:\/\/palmaescolesinfants.cat\/es\/wp-json\/wp\/v2\/pages"}],"about":[{"href":"https:\/\/palmaescolesinfants.cat\/es\/wp-json\/wp\/v2\/types\/page"}],"author":[{"embeddable":true,"href":"https:\/\/palmaescolesinfants.cat\/es\/wp-json\/wp\/v2\/users\/1"}],"replies":[{"embeddable":true,"href":"https:\/\/palmaescolesinfants.cat\/es\/wp-json\/wp\/v2\/comments?post=552"}],"version-history":[{"count":26,"href":"https:\/\/palmaescolesinfants.cat\/es\/wp-json\/wp\/v2\/pages\/552\/revisions"}],"predecessor-version":[{"id":2743,"href":"https:\/\/palmaescolesinfants.cat\/es\/wp-json\/wp\/v2\/pages\/552\/revisions\/2743"}],"wp:attachment":[{"href":"https:\/\/palmaescolesinfants.cat\/es\/wp-json\/wp\/v2\/media?parent=552"}],"curies":[{"name":"wp","href":"https:\/\/api.w.org\/{rel}","templated":true}]}}